{"id":231,"date":"2020-11-01T23:26:00","date_gmt":"2020-11-01T23:26:00","guid":{"rendered":"http:\/\/paulaupegui.com\/?page_id=231"},"modified":"2020-11-07T22:58:03","modified_gmt":"2020-11-07T22:58:03","slug":"toda-relacion-es-un-arte-e-book-terapeutico-version-en-espanol","status":"publish","type":"page","link":"https:\/\/paulaupegui.com\/pt\/toda-relacion-es-un-arte-e-book-terapeutico-version-en-espanol\/","title":{"rendered":"Toda rela\u00e7\u00e3o \u00e9 uma arte"},"content":{"rendered":"<h2 class=\"has-text-align-center\">E-book terap\u00e9utico versi\u00f3n en espa\u00f1ol<\/h2>\n\n\n\n<div class=\"wp-block-image\"><figure class=\"aligncenter size-large\"><a href=\"https:\/\/pay.hotmart.com\/O42466506N\"><img loading=\"lazy\" width=\"800\" height=\"600\" src=\"http:\/\/paulaupegui.com\/wp-content\/uploads\/2020\/10\/20201031_121237_0000-1.png\" alt=\"\" class=\"wp-image-133\" srcset=\"https:\/\/paulaupegui.com\/wp-content\/uploads\/2020\/10\/20201031_121237_0000-1.png 800w, https:\/\/paulaupegui.com\/wp-content\/uploads\/2020\/10\/20201031_121237_0000-1-300x225.png 300w, https:\/\/paulaupegui.com\/wp-content\/uploads\/2020\/10\/20201031_121237_0000-1-150x113.png 150w, https:\/\/paulaupegui.com\/wp-content\/uploads\/2020\/10\/20201031_121237_0000-1-768x576.png 768w\" sizes=\"(max-width: 800px) 100vw, 800px\" \/><\/a><\/figure><\/div>\n\n\n\n<p class=\"has-text-align-center\" style=\"font-size:18px\">Toda relaci\u00f3n es un Arte, es un libro digital en formato &#8220;cajita de preguntas&#8221;, es el primer libro de la serie <em><strong>E-books terap\u00e9uticos.<\/strong><\/em><\/p>\n\n\n\n<p class=\"has-text-align-center\" style=\"font-size:18px\">Se dise\u00f1\u00f3 de forma que cada una de las 60 preguntas sea un verdadero ejercicio de autoindagaci\u00f3n&nbsp; propiciando (insight) y 8 ejercicios de <em><strong>Escritura Terap\u00e9utica<\/strong> <\/em>para enriquecer el movimiento interno que se generar\u00e1 a partir de cada una de ellas. Su principal objetivo es ampliar tu visi\u00f3n sobre las relaciones afectivas.<\/p>\n\n\n\n<p class=\"has-text-align-center\" style=\"font-size:18px\">Cada pregunta es un momento m\u00e1gico de autoindagaci\u00f3n y reflexi\u00f3n sobre los patrones que, hasta ahora, han guiado insconscientemente cada una de tus relaciones.\u00a0 Este material terap\u00e9utico se divide en los tres <em><strong>v\u00ednculos afectivos predominantes<\/strong><\/em>: relaci\u00f3n con los padres o cuidadores, relaci\u00f3n consigo y relaci\u00f3n de pareja. Para el an\u00e1lisis de cada una de estas secciones son 20 preguntas que te permitir\u00e1n, junto al ejercicio de escritura terap\u00e9utica sugerido, tener una perspectiva armoniosa, llena de significado sobre ti y sobre tus relaciones.<\/p>\n\n\n\n<p class=\"has-text-align-center\" style=\"font-size:18px\">Utilizaremos la escritura terap\u00e9utica como herramienta fundamental, el proceso de &#8230; <em><strong>\u00a1Escribir para sanar!<\/strong><\/em><\/p>\n\n\n\n<p class=\"has-text-align-center\" style=\"font-size:18px\">Escribir es un momento \u00fanico de reconexi\u00f3n consigo, es la grandeza de expresar libremente qui\u00e9nes somos, es una oportunidad para reescribir nuestra historia, nuestra vida desde nuestros propios autodescubrimientos. Reescribir nuestra historia, esta vez, contada por nosotros mismos. Escribir es acercamiento, entrega, autoconocimiento.<\/p>\n\n\n\n<h3 class=\"has-text-align-center\"><em><strong>\u00a1Es una experiencia transformadora!<\/strong><\/em><\/h3>\n\n\n\n<h3 class=\"has-text-align-center\"><em><strong>Con este e-book lograr\u00e1s:<\/strong><\/em><\/h3>\n\n\n\n<ul class=\"is-style-checkbox\" style=\"font-size:18px\"><li>Reconectarte con tu historia aportando una nueva mirada acogedora, amorosa y consciente.<\/li><li>Favorecer tu libertad de elecci\u00f3n, de bienestar emocional y relacional.<\/li><li>\u00a0Conectarte con tus sentimientos y emociones asociados a las relaciones \u00a0amorosas.<\/li><li>Mediante ejercicios de escritura terap\u00e9utica, podr\u00e1s resignificar mental y emocionalmente relaciones pasadas.<\/li><li>\u00a0Resignificar el arte de relacionarse.<\/li><li>Expresarte libremente a trav\u00e9s de la escritura creativa y terap\u00e9utica.<\/li><li>Identificar los patrones relacionales que hasta ahora han guiado tus relaciones.<\/li><li>Construir relaciones basadas en tus propias creencias, desde tus propias verdades, consciente de lo que mereces y quieres para tu vida.<\/li><li>Contar\u00e1s con una herramienta pr\u00e1ctica y creativa para el autoconocimiento y el crecimiento interior.<\/li><li>Tendr\u00e1s la oportunidad de reescribir tu historia, con tus propios significados y prioridades, contada por ti misma(o)  desde el Centro de tu Ser. Reescribir tu vida en el momento presente que es donde la vida sucede, escribir la vida que quieres leer.<\/li><\/ul>\n\n\n\n<p class=\"has-text-align-center\" style=\"font-size:18px\">Al adquirir el libro electr\u00f3nico, tendr\u00e1s la oportunidad de participar en nuestro <strong>grupo privado y exclusivo en Telegram<\/strong>. S\u00e9 miembro de nuestra comunidad, donde se compartir\u00e1n las experiencias y vivencias que surjan en cada una de las personas que, como t\u00fa, dar\u00e1n un gran paso en el proceso de autoan\u00e1lisis y autodescubrimiento propuesto en este <em><strong>e-book terap\u00e9utico.<\/strong><\/em><\/p>\n\n\n\n<div class=\"wp-block-buttons aligncenter\">\n<div class=\"wp-block-button is-style-shadow has-custom-font\" style=\"font-family:Helvetica\"><a class=\"wp-block-button__link\" href=\"https:\/\/pay.hotmart.com\/O42466506N\" target=\"_blank\" rel=\"noreferrer noopener\">ADQUI\u00c9RELO AHORA<\/a><\/div>\n<\/div>\n\n\n\n<p><\/p>","protected":false},"excerpt":{"rendered":"<p>E-book terap\u00e9utico versi\u00f3n en espa\u00f1ol Toda relaci\u00f3n es un Arte, es un libro digital en formato &#8220;cajita de preguntas&#8221;, es el primer libro de la serie E-books terap\u00e9uticos. Se dise\u00f1\u00f3 de forma que cada una de las 60 preguntas sea un verdadero ejercicio de autoindagaci\u00f3n&nbsp; propiciando (insight) y 8 ejercicios de Escritura Terap\u00e9utica para enriquecer&#8230;<\/p>\n<p class=\"more-link\"><a href=\"https:\/\/paulaupegui.com\/pt\/toda-relacion-es-un-arte-e-book-terapeutico-version-en-espanol\/\"><span>Read More<\/span><i>&#43;<\/i><\/a><\/p>","protected":false},"author":1,"featured_media":0,"parent":0,"menu_order":0,"comment_status":"closed","ping_status":"closed","template":"","meta":{"_coblocks_attr":"Helvetica","_coblocks_dimensions":"","_coblocks_responsive_height":"","_coblocks_accordion_ie_support":""},"_links":{"self":[{"href":"https:\/\/paulaupegui.com\/pt\/wp-json\/wp\/v2\/pages\/231"}],"collection":[{"href":"https:\/\/paulaupegui.com\/pt\/wp-json\/wp\/v2\/pages"}],"about":[{"href":"https:\/\/paulaupegui.com\/pt\/wp-json\/wp\/v2\/types\/page"}],"author":[{"embeddable":true,"href":"https:\/\/paulaupegui.com\/pt\/wp-json\/wp\/v2\/users\/1"}],"replies":[{"embeddable":true,"href":"https:\/\/paulaupegui.com\/pt\/wp-json\/wp\/v2\/comments?post=231"}],"version-history":[{"count":15,"href":"https:\/\/paulaupegui.com\/pt\/wp-json\/wp\/v2\/pages\/231\/revisions"}],"predecessor-version":[{"id":429,"href":"https:\/\/paulaupegui.com\/pt\/wp-json\/wp\/v2\/pages\/231\/revisions\/429"}],"wp:attachment":[{"href":"https:\/\/paulaupegui.com\/pt\/wp-json\/wp\/v2\/media?parent=231"}],"curies":[{"name":"wp","href":"https:\/\/api.w.org\/{rel}","templated":true}]}}