{"id":249,"date":"2020-11-01T23:56:14","date_gmt":"2020-11-01T23:56:14","guid":{"rendered":"http:\/\/paulaupegui.com\/?page_id=249"},"modified":"2020-11-02T00:13:50","modified_gmt":"2020-11-02T00:13:50","slug":"toda-relacao-e-uma-arte","status":"publish","type":"page","link":"https:\/\/paulaupegui.com\/pt\/toda-relacao-e-uma-arte\/","title":{"rendered":"Toda rela\u00e7\u00e3o \u00e9 uma arte"},"content":{"rendered":"<h2 class=\"has-text-align-center\">E-book&nbsp;Terap\u00eautico vers\u00e3o portugu\u00eas<\/h2>\n\n\n\n<div class=\"wp-block-image\"><figure class=\"aligncenter size-large\"><a href=\"https:\/\/pay.hotmart.com\/N34073916M\" target=\"_blank\" rel=\"noopener noreferrer\"><img loading=\"lazy\" width=\"800\" height=\"600\" src=\"http:\/\/paulaupegui.com\/wp-content\/uploads\/2020\/10\/20201031_175932_0000.png\" alt=\"\" class=\"wp-image-116\" srcset=\"https:\/\/paulaupegui.com\/wp-content\/uploads\/2020\/10\/20201031_175932_0000.png 800w, https:\/\/paulaupegui.com\/wp-content\/uploads\/2020\/10\/20201031_175932_0000-300x225.png 300w, https:\/\/paulaupegui.com\/wp-content\/uploads\/2020\/10\/20201031_175932_0000-150x113.png 150w, https:\/\/paulaupegui.com\/wp-content\/uploads\/2020\/10\/20201031_175932_0000-768x576.png 768w\" sizes=\"(max-width: 800px) 100vw, 800px\" \/><\/a><\/figure><\/div>\n\n\n\n<p class=\"has-text-align-center\" style=\"font-size:18px\">Toda rela\u00e7\u00e3o \u00e9 uma arte, \u00e9 um livro digital em&nbsp; formato caixinha de perguntas. \u00c9 o primeiro da s\u00e9rie E-books Terap\u00eauticos.<\/p>\n\n\n\n<p class=\"has-text-align-center\" style=\"font-size:18px\">Foi desenhado de forma que cada uma das 60 quest\u00f5es escolhidas cuidadosamente possam trazer reflex\u00e3o (insight) e, para enriquecer o movimento interno que ser\u00e1 gerado a partir de cada uma das quest\u00f5es, cont\u00e9m 8 exerc\u00edcios extras de escrita terap\u00eautica.&nbsp;<em>Este material tem como objetivo principal mudar sua vis\u00e3o sobre seus relacionamentos afetivos.<\/em>&nbsp;<\/p>\n\n\n\n<p class=\"has-text-align-center\" style=\"font-size:18px\">Cada quest\u00e3o \u00e9 um momento m\u00e1gico de auto-indaga\u00e7\u00e3o e reflex\u00e3o sobre os padr\u00f5es que, at\u00e9 agora, t\u00eam conduzido cada uma das suas rela\u00e7\u00f5es amorosas. Essa metamorfose interna se inicia nos seus primeiros anos de vida, analisando a rela\u00e7\u00e3o com seus pais\/cuidadores, depois iremos mergulhar na sua autoan\u00e1lise e, finalmente, voc\u00ea conseguir\u00e1 identificar os padr\u00f5es existentes nas suas rela\u00e7\u00f5es e qual a origem deles. Cada uma das quest\u00f5es, junto ao exerc\u00edcio de escrita terap\u00eautica sugerido, ir\u00e1 trazer um novo olhar harmonioso e cheio de sentido para si mesma(o) e para suas rela\u00e7\u00f5es amorosas.<\/p>\n\n\n\n<p class=\"has-text-align-center\" style=\"font-size:18px\">Usaremos a escrita terap\u00eautica como ferramenta fundamental, o processo de\u2026 <em><strong>Escrever para sanar!<\/strong><\/em><\/p>\n\n\n\n<p class=\"has-text-align-center\" style=\"font-size:18px\">Escrever \u00e9 um momento \u00fanico de reconex\u00e3o consigo, \u00e9 a grandeza de expressar com liberdade quem somos, \u00e9 oportunidade para reescrever a nossa hist\u00f3ria, a nossa vida a partir das nossas pr\u00f3prias autodescobertas. Reescrever a nossa historia, desta vez, contada por n\u00f3s mesmos. Escrever \u00e9 reaproxima\u00e7\u00e3o, \u00e9 entrega, \u00e9 autoconhecimento.<\/p>\n\n\n\n<h3 class=\"has-text-align-center\"><em><strong>\u00c9 uma experi\u00eancia transformadora!<\/strong><\/em><\/h3>\n\n\n\n<h3 class=\"has-text-align-center\"><em><strong>Com este E-book, voc\u00ea va<\/strong><\/em>i:<\/h3>\n\n\n\n<ul class=\"is-style-checkbox\" style=\"font-size:18px\"><li>Reconectar-se com a sua hist\u00f3ria trazendo um novo olhar acolhedor, amoroso e consciente.<\/li><li>Favorecer sua liberdade de escolha e bem-estar emocional e relacional.<\/li><li>Conectar-se com seus sentimentos e emo\u00e7\u00f5es associados \u00e0s rela\u00e7\u00f5es amorosas.<\/li><li>Atrav\u00e9s dos exerc\u00edcios de escrita terap\u00eautica, reestruturar mental e emocionalmente relacionamentos passados.<\/li><li>Ressignificar a arte de relacionar-se.<\/li><li>Expressar-se com liberdade atrav\u00e9s da escrita criativa e terap\u00eautica.<\/li><li>Identificar os padr\u00f5es relacionais que at\u00e9 agora conduziram suas rela\u00e7\u00f5es.<\/li><li>Construir relacionamentos baseados nas suas pr\u00f3prias cren\u00e7as, desde suas pr\u00f3prias verdades, consciente do que merece e quer para sua vida.<\/li><li>Ter\u00e1 uma ferramenta pratica e criativa de autoconhecimento e crescimento pessoal.<\/li><li>Voc\u00ea ter\u00e1 a oportunidade de reescrever a sua hist\u00f3ria, com seus pr\u00f3prios significados e prioridades, contada por voc\u00ea mesma (o) desde o centro de seu Ser. Reescrever a sua vida no momento presente que \u00e9 onde a vida acontece, escrever a vida que voc\u00ea quer ler.<\/li><\/ul>\n\n\n\n<p class=\"has-text-align-center\" style=\"font-size:18px\">Ao adquirir o e-book, voc\u00ea ter\u00e1 oportunidade de participar de nosso&nbsp;<strong>grupo privado e exclusivo no Telegram<\/strong>. Seja membro de nossa comunidade, onde ser\u00e3o compartilhadas experi\u00eancias e viv\u00eancias que emergirem em cada uma das pessoas que, assim como voc\u00ea,&nbsp; deram um grande passo no processo de autoan\u00e1lise e autodescoberta proposto neste <strong>e-book terap\u00eautico<\/strong>.<\/p>\n\n\n\n<div class=\"wp-block-buttons aligncenter\">\n<div class=\"wp-block-button is-style-shadow has-custom-font\" style=\"font-family:Helvetica\"><a class=\"wp-block-button__link\" href=\"https:\/\/pay.hotmart.com\/N34073916M\" target=\"_blank\" rel=\"noreferrer noopener\">GARANTA O SEU AGORA<\/a><\/div>\n<\/div>\n\n\n\n<p><\/p>","protected":false},"excerpt":{"rendered":"<p>E-book&nbsp;Terap\u00eautico vers\u00e3o portugu\u00eas Toda rela\u00e7\u00e3o \u00e9 uma arte, \u00e9 um livro digital em&nbsp; formato caixinha de perguntas. \u00c9 o primeiro da s\u00e9rie E-books Terap\u00eauticos. Foi desenhado de forma que cada uma das 60 quest\u00f5es escolhidas cuidadosamente possam trazer reflex\u00e3o (insight) e, para enriquecer o movimento interno que ser\u00e1 gerado a partir de cada uma das&#8230;<\/p>\n<p class=\"more-link\"><a href=\"https:\/\/paulaupegui.com\/pt\/toda-relacao-e-uma-arte\/\"><span>Read More<\/span><i>&#43;<\/i><\/a><\/p>","protected":false},"author":1,"featured_media":0,"parent":0,"menu_order":0,"comment_status":"closed","ping_status":"closed","template":"","meta":{"_coblocks_attr":"Helvetica","_coblocks_dimensions":"","_coblocks_responsive_height":"","_coblocks_accordion_ie_support":""},"_links":{"self":[{"href":"https:\/\/paulaupegui.com\/pt\/wp-json\/wp\/v2\/pages\/249"}],"collection":[{"href":"https:\/\/paulaupegui.com\/pt\/wp-json\/wp\/v2\/pages"}],"about":[{"href":"https:\/\/paulaupegui.com\/pt\/wp-json\/wp\/v2\/types\/page"}],"author":[{"embeddable":true,"href":"https:\/\/paulaupegui.com\/pt\/wp-json\/wp\/v2\/users\/1"}],"replies":[{"embeddable":true,"href":"https:\/\/paulaupegui.com\/pt\/wp-json\/wp\/v2\/comments?post=249"}],"version-history":[{"count":3,"href":"https:\/\/paulaupegui.com\/pt\/wp-json\/wp\/v2\/pages\/249\/revisions"}],"predecessor-version":[{"id":253,"href":"https:\/\/paulaupegui.com\/pt\/wp-json\/wp\/v2\/pages\/249\/revisions\/253"}],"wp:attachment":[{"href":"https:\/\/paulaupegui.com\/pt\/wp-json\/wp\/v2\/media?parent=249"}],"curies":[{"name":"wp","href":"https:\/\/api.w.org\/{rel}","templated":true}]}}