{"id":273,"date":"2020-11-05T17:57:54","date_gmt":"2020-11-05T17:57:54","guid":{"rendered":"http:\/\/paulaupegui.com\/?page_id=273"},"modified":"2020-11-05T17:57:56","modified_gmt":"2020-11-05T17:57:56","slug":"estou-em-um-relacionamento-toxico","status":"publish","type":"page","link":"https:\/\/paulaupegui.com\/pt\/estou-em-um-relacionamento-toxico\/","title":{"rendered":"Estou em um relacionamento t\u00f3xico?"},"content":{"rendered":"<h2 class=\"has-text-align-center\">E-book gratuito<\/h2>\n\n\n\n<div class=\"wp-block-image\"><figure class=\"aligncenter size-large\"><a href=\"https:\/\/bit.ly\/2NURyly\" target=\"_blank\" rel=\"noopener noreferrer\"><img loading=\"lazy\" width=\"800\" height=\"600\" src=\"http:\/\/paulaupegui.com\/wp-content\/uploads\/2020\/10\/20201031_182431_0000.png\" alt=\"\" class=\"wp-image-127\" srcset=\"https:\/\/paulaupegui.com\/wp-content\/uploads\/2020\/10\/20201031_182431_0000.png 800w, https:\/\/paulaupegui.com\/wp-content\/uploads\/2020\/10\/20201031_182431_0000-300x225.png 300w, https:\/\/paulaupegui.com\/wp-content\/uploads\/2020\/10\/20201031_182431_0000-150x113.png 150w, https:\/\/paulaupegui.com\/wp-content\/uploads\/2020\/10\/20201031_182431_0000-768x576.png 768w\" sizes=\"(max-width: 800px) 100vw, 800px\" \/><\/a><\/figure><\/div>\n\n\n\n<p class=\"has-text-align-center\" style=\"font-size:18px\">Estou em um relacionamento t\u00f3xico?<\/p>\n\n\n\n<p class=\"has-text-align-center\" style=\"font-size:18px\">Talvez esta seja a pergunta que voc\u00ea est\u00e1 se fazendo neste exato momento, ent\u00e3o para lhe ajudar no esclarecimento dessa d\u00favida vou compartilhar alguns indicadores que v\u00e3o ampliar sua possibilidade de identificar se de fato, est\u00e1 em um relacionamento cujas caracter\u00edsticas n\u00e3o s\u00e3o saud\u00e1veis e, em definitiva, n\u00e3o \u00e9 um relacionamento que lhe faz bem.\u00a0<\/p>\n\n\n\n<p class=\"has-text-align-center\" style=\"font-size:18px\">Embora possam existir em rela\u00e7\u00f5es com um familiar ou com um amigo, neste e-book vamos limitar o cerco e o reduziremos \u00e0s rela\u00e7\u00f5es a dois, um relacionamento afetivo \u2013 sexual, ou dito de outra forma, um relacionamento amoroso.<\/p>\n\n\n\n<p class=\"has-text-align-center\" style=\"font-size:18px\">A educa\u00e7\u00e3o sempre ser\u00e1 a melhor forma de preven\u00e7\u00e3o!<\/p>\n\n\n\n<p class=\"has-text-align-center\" style=\"font-size:18px\">Desejo que este material possa lhe ajudar, compartilhe com algu\u00e9m que voc\u00ea acredite que precisa receber esta informa\u00e7\u00e3o.<\/p>\n\n\n\n<p class=\"has-text-align-center\" style=\"font-size:18px\">Mais uma coisa, se o seu relacionamento apresenta alguns destes sinais, talvez, voc\u00ea esteja vivendo um relacionamento t\u00f3xico. Fique atento(a) e procure ajuda. lembrando que: o primeiro passo para sair do relacionamento t\u00f3xico \u00e9 aceitar que est\u00e1 dentro de um.<\/p>\n\n\n\n<div class=\"wp-block-buttons aligncenter\">\n<div class=\"wp-block-button is-style-shadow has-custom-font\" style=\"font-family:Helvetica\"><a class=\"wp-block-button__link\" href=\"https:\/\/bit.ly\/2NURyly\" target=\"_blank\" rel=\"noreferrer noopener\">GARANTA O SEU AGORA<\/a><\/div>\n<\/div>","protected":false},"excerpt":{"rendered":"<p>E-book gratuito Estou em um relacionamento t\u00f3xico? Talvez esta seja a pergunta que voc\u00ea est\u00e1 se fazendo neste exato momento, ent\u00e3o para lhe ajudar no esclarecimento dessa d\u00favida vou compartilhar alguns indicadores que v\u00e3o ampliar sua possibilidade de identificar se de fato, est\u00e1 em um relacionamento cujas caracter\u00edsticas n\u00e3o s\u00e3o saud\u00e1veis e, em definitiva, n\u00e3o&#8230;<\/p>\n<p class=\"more-link\"><a href=\"https:\/\/paulaupegui.com\/pt\/estou-em-um-relacionamento-toxico\/\"><span>Read More<\/span><i>&#43;<\/i><\/a><\/p>","protected":false},"author":1,"featured_media":0,"parent":0,"menu_order":0,"comment_status":"closed","ping_status":"closed","template":"","meta":{"_coblocks_attr":"Helvetica","_coblocks_dimensions":"","_coblocks_responsive_height":"","_coblocks_accordion_ie_support":""},"_links":{"self":[{"href":"https:\/\/paulaupegui.com\/pt\/wp-json\/wp\/v2\/pages\/273"}],"collection":[{"href":"https:\/\/paulaupegui.com\/pt\/wp-json\/wp\/v2\/pages"}],"about":[{"href":"https:\/\/paulaupegui.com\/pt\/wp-json\/wp\/v2\/types\/page"}],"author":[{"embeddable":true,"href":"https:\/\/paulaupegui.com\/pt\/wp-json\/wp\/v2\/users\/1"}],"replies":[{"embeddable":true,"href":"https:\/\/paulaupegui.com\/pt\/wp-json\/wp\/v2\/comments?post=273"}],"version-history":[{"count":1,"href":"https:\/\/paulaupegui.com\/pt\/wp-json\/wp\/v2\/pages\/273\/revisions"}],"predecessor-version":[{"id":274,"href":"https:\/\/paulaupegui.com\/pt\/wp-json\/wp\/v2\/pages\/273\/revisions\/274"}],"wp:attachment":[{"href":"https:\/\/paulaupegui.com\/pt\/wp-json\/wp\/v2\/media?parent=273"}],"curies":[{"name":"wp","href":"https:\/\/api.w.org\/{rel}","templated":true}]}}