{"id":329,"date":"2020-11-06T23:05:51","date_gmt":"2020-11-06T23:05:51","guid":{"rendered":"http:\/\/paulaupegui.com\/?page_id=329"},"modified":"2020-11-07T22:47:00","modified_gmt":"2020-11-07T22:47:00","slug":"agendar-consulta","status":"publish","type":"page","link":"https:\/\/paulaupegui.com\/pt\/agendar-consulta\/","title":{"rendered":"Agendar Consulta"},"content":{"rendered":"<p>Antes de agendar sua consulta, recomendo que voc\u00ea leia as pol\u00edticas de informa\u00e7\u00e3o e uso do servi\u00e7o.<\/p>\n\n\n\n<div class=\"wp-block-buttons aligncenter\">\n<div class=\"wp-block-button\"><a class=\"wp-block-button__link\" href=\"https:\/\/paulaupegui.com\/pt\/politicas-de-privacidad\/\">Pol\u00edticas<\/a><\/div>\n<\/div>\n\n\n\n<p><\/p>\n\n\n<div class=\"wpforms-container wpforms-container-full\" id=\"wpforms-322\"><form id=\"wpforms-form-322\" class=\"wpforms-validate wpforms-form\" data-formid=\"322\" method=\"post\" enctype=\"multipart\/form-data\" action=\"\/pt\/wp-json\/wp\/v2\/pages\/329\" data-token=\"e52ac3ac813b6e9ed1acf3112978cf8a\" data-trp-original-action=\"\/pt\/wp-json\/wp\/v2\/pages\/329\"><noscript class=\"wpforms-error-noscript\">Ative o JavaScript no seu navegador para preencher este formul\u00e1rio.<\/noscript><div class=\"wpforms-field-container\"><div id=\"wpforms-322-field_0-container\" class=\"wpforms-field wpforms-field-name\" data-field-id=\"0\"><label class=\"wpforms-field-label\" for=\"wpforms-322-field_0\">DADOS PESSOAIS <span class=\"wpforms-required-label\">*<\/span><\/label><input type=\"text\" id=\"wpforms-322-field_0\" class=\"wpforms-field-medium wpforms-field-required\" name=\"wpforms[fields][0]\" placeholder=\"Nome e Sobrenome\" required><\/div><div id=\"wpforms-322-field_1-container\" class=\"wpforms-field wpforms-field-email\" data-field-id=\"1\"><label class=\"wpforms-field-label\" for=\"wpforms-322-field_1\">Endere\u00e7o de e-mail <span class=\"wpforms-required-label\">*<\/span><\/label><input type=\"email\" id=\"wpforms-322-field_1\" class=\"wpforms-field-medium wpforms-field-required\" name=\"wpforms[fields][1]\" placeholder=\"Endere\u00e7o de e-mail\" required><\/div><div id=\"wpforms-322-field_4-container\" class=\"wpforms-field wpforms-field-number\" data-field-id=\"4\"><label class=\"wpforms-field-label\" for=\"wpforms-322-field_4\">TELEFONE<\/label><input type=\"number\" pattern=\"\\d*\" id=\"wpforms-322-field_4\" class=\"wpforms-field-medium\" name=\"wpforms[fields][4]\" ><\/div><div id=\"wpforms-322-field_7-container\" class=\"wpforms-field wpforms-field-radio\" data-field-id=\"7\"><label class=\"wpforms-field-label\" for=\"wpforms-322-field_7\">IDIOMA <span class=\"wpforms-required-label\">*<\/span><\/label><ul id=\"wpforms-322-field_7\" class=\"wpforms-field-required\"><li class=\"choice-1 depth-1\"><input type=\"radio\" id=\"wpforms-322-field_7_1\" name=\"wpforms[fields][7]\" value=\"Espa\u00f1ol\" required><label class=\"wpforms-field-label-inline\" for=\"wpforms-322-field_7_1\">Espanhol<\/label><\/li><li class=\"choice-2 depth-1\"><input type=\"radio\" id=\"wpforms-322-field_7_2\" name=\"wpforms[fields][7]\" value=\"Portugu\u00e9s\" required><label class=\"wpforms-field-label-inline\" for=\"wpforms-322-field_7_2\">Portugu\u00eas<\/label><\/li><\/ul><\/div><div id=\"wpforms-322-field_8-container\" class=\"wpforms-field wpforms-field-text\" data-field-id=\"8\"><label class=\"wpforms-field-label\" for=\"wpforms-322-field_8\">PA\u00cdS <span class=\"wpforms-required-label\">*<\/span><\/label><input type=\"text\" id=\"wpforms-322-field_8\" class=\"wpforms-field-medium wpforms-field-required\" name=\"wpforms[fields][8]\" placeholder=\"Local de resid\u00eancia atual\" required><\/div><div id=\"wpforms-322-field_6-container\" class=\"wpforms-field wpforms-field-textarea\" data-field-id=\"6\"><label class=\"wpforms-field-label\" for=\"wpforms-322-field_6\">Termos e Condi\u00e7\u00f5es<\/label><textarea id=\"wpforms-322-field_6\" class=\"wpforms-field-medium\" name=\"wpforms[fields][6]\" placeholder=\"O paciente ter\u00e1 um m\u00ednimo de 24 horas antes da consulta para cancelar a sess\u00e3o e receber o reembolso do valor pago. Se quiser cancelar ap\u00f3s este prazo, somente a op\u00e7\u00e3o de reagendar sua consulta o mais breve poss\u00edvel ser\u00e1 considerada.\" ><\/textarea><\/div><div id=\"wpforms-322-field_3-container\" class=\"wpforms-field wpforms-field-checkbox\" data-field-id=\"3\"><label class=\"wpforms-field-label wpforms-label-hide\" for=\"wpforms-322-field_3\">Termos e Condi\u00e7\u00f5es  <span class=\"wpforms-required-label\">*<\/span><\/label><ul id=\"wpforms-322-field_3\" class=\"wpforms-field-required\"><li class=\"choice-1 depth-1\"><input type=\"checkbox\" id=\"wpforms-322-field_3_1\" name=\"wpforms[fields][3][]\" value=\"He le\u00eddo y acepto los T\u00e9rminos y Condiciones\" required><label class=\"wpforms-field-label-inline\" for=\"wpforms-322-field_3_1\">Li e aceito os termos e condi\u00e7\u00f5es<\/label><\/li><\/ul><\/div><\/div><div class=\"wpforms-submit-container\" ><input type=\"hidden\" name=\"wpforms[id]\" value=\"322\"><input type=\"hidden\" name=\"wpforms[author]\" value=\"1\"><button type=\"submit\" name=\"wpforms[submit]\" class=\"wpforms-submit\" id=\"wpforms-submit-322\" value=\"wpforms-submit\" aria-live=\"assertive\" data-alt-text=\"Enviando...\" data-submit-text=\"ENVIAR\">ENVIAR<\/button><\/div><input type=\"hidden\" name=\"trp-form-language\" value=\"pt\"\/><\/form><\/div>  <!-- .wpforms-container -->\n\n\n<div class=\"wp-block-buttons alignleft\">\n<div class=\"wp-block-button\"><a class=\"wp-block-button__link\" href=\"https:\/\/www.paypal.com\/cgi-bin\/webscr?cmd=_s-xclick&amp;hosted_button_id=J43H23SKE3D6A\">Pagar agora<\/a><\/div>\n<\/div>","protected":false},"excerpt":{"rendered":"<p>Antes de agendar sua consulta, recomendo que voc\u00ea leia as pol\u00edticas de informa\u00e7\u00e3o e uso do servi\u00e7o.<\/p>","protected":false},"author":1,"featured_media":0,"parent":0,"menu_order":0,"comment_status":"closed","ping_status":"closed","template":"","meta":{"_coblocks_attr":"","_coblocks_dimensions":"","_coblocks_responsive_height":"","_coblocks_accordion_ie_support":""},"_links":{"self":[{"href":"https:\/\/paulaupegui.com\/pt\/wp-json\/wp\/v2\/pages\/329"}],"collection":[{"href":"https:\/\/paulaupegui.com\/pt\/wp-json\/wp\/v2\/pages"}],"about":[{"href":"https:\/\/paulaupegui.com\/pt\/wp-json\/wp\/v2\/types\/page"}],"author":[{"embeddable":true,"href":"https:\/\/paulaupegui.com\/pt\/wp-json\/wp\/v2\/users\/1"}],"replies":[{"embeddable":true,"href":"https:\/\/paulaupegui.com\/pt\/wp-json\/wp\/v2\/comments?post=329"}],"version-history":[{"count":8,"href":"https:\/\/paulaupegui.com\/pt\/wp-json\/wp\/v2\/pages\/329\/revisions"}],"predecessor-version":[{"id":427,"href":"https:\/\/paulaupegui.com\/pt\/wp-json\/wp\/v2\/pages\/329\/revisions\/427"}],"wp:attachment":[{"href":"https:\/\/paulaupegui.com\/pt\/wp-json\/wp\/v2\/media?parent=329"}],"curies":[{"name":"wp","href":"https:\/\/api.w.org\/{rel}","templated":true}]}}