{"id":401,"date":"2020-11-07T19:32:56","date_gmt":"2020-11-07T19:32:56","guid":{"rendered":"http:\/\/paulaupegui.com\/?page_id=401"},"modified":"2020-11-07T21:16:34","modified_gmt":"2020-11-07T21:16:34","slug":"politicas-de-privacidad","status":"publish","type":"page","link":"https:\/\/paulaupegui.com\/pt\/politicas-de-privacidad\/","title":{"rendered":"Pol\u00edticas de informa\u00e7\u00e3o e uso do servi\u00e7o"},"content":{"rendered":"<p><\/p>\n\n\n\n<figure class=\"wp-block-image size-large\"><img loading=\"lazy\" width=\"1024\" height=\"1024\" src=\"http:\/\/paulaupegui.com\/wp-content\/uploads\/2020\/11\/IMG_20200804_093247_402-1024x1024.jpg\" alt=\"\" class=\"wp-image-270\" srcset=\"https:\/\/paulaupegui.com\/wp-content\/uploads\/2020\/11\/IMG_20200804_093247_402-1024x1024.jpg 1024w, https:\/\/paulaupegui.com\/wp-content\/uploads\/2020\/11\/IMG_20200804_093247_402-300x300.jpg 300w, https:\/\/paulaupegui.com\/wp-content\/uploads\/2020\/11\/IMG_20200804_093247_402-150x150.jpg 150w, https:\/\/paulaupegui.com\/wp-content\/uploads\/2020\/11\/IMG_20200804_093247_402-768x768.jpg 768w, https:\/\/paulaupegui.com\/wp-content\/uploads\/2020\/11\/IMG_20200804_093247_402-1536x1536.jpg 1536w, https:\/\/paulaupegui.com\/wp-content\/uploads\/2020\/11\/IMG_20200804_093247_402.jpg 1620w\" sizes=\"(max-width: 1024px) 100vw, 1024px\" \/><\/figure>\n\n\n\n<p><strong>SOBRE O USO DO SERVI\u00c7O:<\/strong><\/p>\n\n\n\n<p><strong>Consultas particulares:<\/strong>&nbsp;<\/p>\n\n\n\n<ul><li>No caso de consultas e sess\u00f5es pariculares, muita gente espera pelo acompanhamento, por isso sou rigorosa com o cumprimento da agenda. Para n\u00e3o privar terceiros da oportunidade de aconselhamento, em caso de n\u00e3o poder comparecer, dever\u00e1 ser cancelada a consulta com 24 (vinte e quatro) horas de anteced\u00eancia para pedido de devolu\u00e7\u00e3o do valor, caso contr\u00e1rio apenas a op\u00e7\u00e3o de remarca\u00e7\u00e3o da sess\u00e3o t\u00e3o breve quanto poss\u00edvel.<\/li><li>Confio na seriedade das pessoas que adquirem o servi\u00e7o, por isso, em at\u00e9 24 (vinte e quatro) horas \u00fateis ap\u00f3s a efetiva\u00e7\u00e3o da compra, a equipe de Paula Upegui entrar\u00e1 em contato com o comprador para coordenar o dia e hor\u00e1rio da consulta. Assim que a consulta for agendada <strong>Ser\u00e1 emitido apenas um lembrete, ser\u00e1 enviado um e-mail de confirma\u00e7\u00e3o 3 horas antes do hor\u00e1rio previamente estipulado para a consulta, <\/strong>Uma vez acordados a data e hora da consulta, \u00e9 da responsabilidade do comprador programar-se para comparecer ao seu compromisso, tendo em conta as diferen\u00e7as hor\u00e1rias de cada pa\u00eds.&nbsp;<\/li><li>Se voc\u00ea tiver alguma d\u00favida, n\u00e3o hesite em me contatar antes de fazer a compra: whatsapp +55 54 9 92255635 ou email: info@paulaupegui.com<\/li><li>Para garantir o cumprimento da agenda de todos os pacientes, aguardo o atendimento do paciente \/ cliente em uma sess\u00e3o virtual por no m\u00e1ximo 15 (quinze) minutos, ap\u00f3s o qual o atendimento ser\u00e1 cancelado. Lembrando: a consulta que n\u00e3o seja cancelada com anteced\u00eancia ou que n\u00e3o inicie nos primeiros 15 (quinze) minutos ap\u00f3s o hor\u00e1rio programado, N\u00c3O ser\u00e1 remarcada ou reembolsada.<\/li><\/ul>\n\n\n\n<p><strong>Para todos os servi\u00e7os<\/strong>&nbsp;<\/p>\n\n\n\n<ul><li>Paula Upegui n\u00e3o se responsabiliza pelas a\u00e7\u00f5es, conte\u00fados, informa\u00e7\u00f5es ou dados de terceiros, portanto, voc\u00ea a exime de reclama\u00e7\u00f5es ou danos, conhecidos e desconhecidos, decorrentes de qualquer rela\u00e7\u00e3o ou reclama\u00e7\u00e3o contra terceiros.<\/li><li>Em nenhum caso, o servi\u00e7o adquirido pode estar sujeito a devolu\u00e7\u00e3o, troca, altera\u00e7\u00e3o ou compensa\u00e7\u00e3o a pedido do comprador. Caso o consultor, participante ou assistente n\u00e3o pretenda um servi\u00e7o j\u00e1 pago, ap\u00f3s consulta e autoriza\u00e7\u00e3o de Paula Upegui, ser\u00e1 determinado se o mesmo poder\u00e1 ser repassado a outra pessoa.<\/li><li>A qualquer momento Paula Upegui pode modificar os valores dos servi\u00e7os oferecidos.<\/li><li>\u00c9 responsabilidade do comprador, consultor ou assistente programar sua agenda para comparecimento aos eventos nos hor\u00e1rios estabelecidos.<\/li><li>Paula Upegui reserva-se o direito de modificar o conte\u00fado, apresenta\u00e7\u00e3o, configura\u00e7\u00e3o e \/ ou servi\u00e7os oferecidos - por si ou por terceiros autorizados - sem pr\u00e9vio aviso ao usu\u00e1rio.<\/li><li>Paula Upegui no asume responsabilidad alguna por los da\u00f1os y perjuicios de toda naturaleza que puedan derivarse de la presencia de virus o de la presencia de otros elementos lesivos en los servicios prestados a trav\u00e9s de \u00e9ste sitio web&nbsp; o por sitios web de terceros que puedan producir alteraciones en el sistema inform\u00e1tico, documentos electr\u00f3nicos o archivos del usuario.<\/li><li>A inclus\u00e3o de links para outros sites atrav\u00e9s de paulaupegui.com n\u00e3o implica qualquer outra rela\u00e7\u00e3o que n\u00e3o o pr\u00f3prio \"link\". Todas as transa\u00e7\u00f5es realizadas nos referidos links s\u00e3o de responsabilidade exclusiva do usu\u00e1rio e da entidade relacionada.<\/li><\/ul>\n\n\n\n<p><strong>DIREITOS AUTORAIS: PROTE\u00c7\u00c3O DOS DIREITOS DE PROPRIEDADE INTELECTUAL DE PAULA UPEGUI.<\/strong><\/p>\n\n\n\n<ul><li>A publica\u00e7\u00e3o do conte\u00fado deste site n\u00e3o est\u00e1 autorizada a menos que o autor o autorize explicitamente. O uso de direitos autorais, imagens ou marcas registradas de Paula Upegui \u00e9 proibido sem sua permiss\u00e3o por escrito.<\/li><\/ul>\n\n\n\n<p><strong>SOBRE A PRIVACIDADE DA INFORMA\u00c7\u00c3O<\/strong><\/p>\n\n\n\n<ul><li>A trav\u00e9s de su registro a los eventos, cursos o talleres,&nbsp; presenciales o virtuales de Paula Upegui, el participante confirma que <strong>autoriza Paula Upegui a utilizar, para fins comerciais, promocionais ou informativos, a utiliza\u00e7\u00e3o da imagem do comprador ou participante <\/strong>a trav\u00e9s de las fotograf\u00edas, videos, testimonios, participaciones visuales, verbales, escritas o en v\u00eddeo,&nbsp; tanto si estos&nbsp; son capturados y registrados por el equipo de Paula Upegui durante los eventos virtuales o presenciales, o tanto si estos son&nbsp; producidos, publicados o divulgados dentro de dichos eventos por los compradores o participantes.<\/li><li>Ao registar-se na newsletter virtual, criar o seu usu\u00e1rio em qualquer site do dom\u00ednio paulaupegui.com, registar-se para participar nos seus eventos presenciais e virtuais, solicitar o acompanhamento terap\u00eautico ou desfrutar de qualquer conte\u00fado deste site, <strong>Voc\u00ea afirma que est\u00e1 fornecendo volunt\u00e1ria e livremente suas informa\u00e7\u00f5es de contato e identifica\u00e7\u00e3o pessoal.<\/strong><\/li><li>\u00c9 poss\u00edvel que, para a participa\u00e7\u00e3o em qualquer dos servi\u00e7os oferecidos neste site, sejam solicitados alguns dados pessoais, como a sua ocupa\u00e7\u00e3o, local de resid\u00eancia ou estado civil, isto \u00e9 feito de forma a salvaguardar o interesse do titular e favorecer o fornecimento dos servi\u00e7os.<\/li><li>Los Datos Personales y Datos de navegaci\u00f3n recogidos autom\u00e1ticamente por este sitio web, son suministrados libremente por el usuario, entre ellos se incluyen: La informaci\u00f3n de su registro en el sitio, as\u00ed como la informaci\u00f3n que usted decida compartir a trav\u00e9s de los formularios tal como su nombre, direcci\u00f3n de correo electr\u00f3nico, n\u00famero de tel\u00e9fono fijo &#8211;&nbsp; m\u00f3vil.<\/li><li><strong>Voc\u00ea autoriza o contato atrav\u00e9s do n\u00famero de telefone que voc\u00ea forneceu ou do e-mail<\/strong> fornecido no momento de fazer sua compra ou consulta.<\/li><li>As informa\u00e7\u00f5es fornecidas no <strong>processo terap\u00eautico de sess\u00f5es privadas <\/strong>por qualquer meio (e-mail, videochamada, chat ou pessoalmente) <strong>\u00e9 protegido pelo sigilo profissional e ser\u00e1 confidencial, <\/strong>Paula Upegui podr\u00e1 utilizar&nbsp; detalles de las sesiones con sus pacientes como ejemplos en talleres, conferencias o cursos, pero jam\u00e1s revelar\u00e1 datos que pongan en evidencia a la persona ya que la identidad de la persona a la que ella haga menci\u00f3n deber\u00e1 permanecer en total reserva y anonimato.<strong> <\/strong>&nbsp;O anterior, exceto nos casos em que a lei ou o governo o autorize e \/ ou exija, por este motivo n\u00e3o ser\u00e3o feitas grava\u00e7\u00f5es das sess\u00f5es de acompanhamento, a menos que o participante (paciente \/ consultor) solicite explicitamente, desta forma, o envio das informa\u00e7\u00f5es da sua sess\u00e3o (grava\u00e7\u00e3o) ser\u00e1 fornecido atrav\u00e9s de meios virtuais como aplica\u00e7\u00f5es de mensagens ou e-mails e Paula Upegui n\u00e3o se responsabiliza pelos vazamentos que possam surgir a partir do referido processo.<\/li><li>Ao aceitar esta pol\u00edtica, voc\u00ea autoriza que seus dados b\u00e1sicos de contato sejam utilizados, entre outros, para a divulga\u00e7\u00e3o de eventos, workshops, semin\u00e1rios e outros fins terap\u00eauticos, de desenvolvimento humano e crescimento pessoal realizados por Paula Upegui.<\/li><li>El procesamiento de los datos provistos a terceros, tales como los suministrados a los proveedores de Pagos virtuales ( PayPal,&nbsp; entre otros) es de total autonom\u00eda y manejo de dichas compa\u00f1\u00edas, se le recomienda leer detalladamente sus pol\u00edticas de tratamiento de datos y procesamiento de informaci\u00f3n.<\/li><\/ul>\n\n\n\n<p><strong>OUTROS TERMOS E CONDI\u00c7\u00d5ES DE UTILIZA\u00c7\u00c3O DOS SERVI\u00c7OS, ISEN\u00c7\u00c3O DE RESPONSABILIDADE:<\/strong><\/p>\n\n\n\n<ul><li>Ao adquirir os produtos e servi\u00e7os de Paula Upegui, o participante, assistente, comprador ou consultor declara que aceita e concorda que tanto nas sess\u00f5es de consulta psicol\u00f3gica realizadas por Paula Upegui, como nos eventos virtuais ou presenciais realizados pela Paula Upegui e sua equipe, a participa\u00e7\u00e3o do assistente, consultor ou comprador, nestes espa\u00e7os \u00e9 totalmente volunt\u00e1ria, portanto, exonera Paula Upegui e sua equipe de toda responsabilidade legal por qualquer inconveniente apresentado em qualquer um desses espa\u00e7os e que podem afetar sua sa\u00fade ou vida. Portanto, todas as despesas que possam surgir como resultado de ou durante a sua participa\u00e7\u00e3o na referida atividade, tais como: despesas m\u00e9dicas, servi\u00e7os de emerg\u00eancia, ambul\u00e2ncias, despesas cir\u00fargicas ou farmac\u00eauticas, cirurgias, hospitaliza\u00e7\u00e3o, medicamentos ou qualquer outra despesa decorrente de a ocorr\u00eancia de qualquer fato ou acontecimento por ocasi\u00e3o da sua participa\u00e7\u00e3o nos eventos virtuais, presenciais ou nas sess\u00f5es organizadas por Paula Upegui e sua equipe, ser\u00e1 custeada exclusivamente pelo participante, participante, comprador ou consultor, e portanto, n\u00e3o haver\u00e1 lugar para qualquer reclama\u00e7\u00e3o a Paula Upegui ou sua equipe para cobri-los ou reembolsar qualquer valor, nem haver\u00e1 lugar para requerer qualquer tipo de indeniza\u00e7\u00e3o por danos morais ou materiais diretos ou indiretos ou qualquer outro tipo de dano que venha a ser causado por ocasi\u00e3o do participa\u00e7\u00e3o nos servi\u00e7os ou eventos de Paula Upegui. Nem haver\u00e1 qualquer reclama\u00e7\u00e3o se ocorrerem danos ou perdas em ou para sua propriedade durante a participa\u00e7\u00e3o nos eventos.<\/li><li>O comprador ou participante, atrav\u00e9s da sua inscri\u00e7\u00e3o nos eventos presenciais ou virtuais de Paula Upegui, confirma que autoriza Paula Upegui a utilizar para fins comerciais, promocionais ou informativos, o uso da imagem do comprador ou participante atrav\u00e9s de fotografias, v\u00eddeos , testemunhos, participa\u00e7\u00f5es visuais, verbais, escritas ou em v\u00eddeo, sejam estas captadas e gravadas pela equipa de Paula Upegui durante eventos virtuais ou presenciais, ou sejam produzidos, publicados ou divulgados nos referidos eventos pelos compradores ou participantes.<\/li><\/ul>\n\n\n\n<p><\/p>","protected":false},"excerpt":{"rendered":"<p>SOBRE EL USO DEL SERVICIO: Citas de consulta privada:&nbsp; En el caso de las citas y sesiones privadas, muchas personas esperan por el acompa\u00f1amiento, por esta raz\u00f3n soy estricta con el cumplimiento de la agenda. Para no privar a otros de la oportunidad de recibir la asesor\u00eda, en caso de no poder asistir, las citas&#8230;<\/p>\n<p class=\"more-link\"><a href=\"https:\/\/paulaupegui.com\/pt\/politicas-de-privacidad\/\"><span>Read More<\/span><i>&#43;<\/i><\/a><\/p>","protected":false},"author":1,"featured_media":0,"parent":0,"menu_order":0,"comment_status":"closed","ping_status":"closed","template":"","meta":{"_coblocks_attr":"","_coblocks_dimensions":"","_coblocks_responsive_height":"","_coblocks_accordion_ie_support":""},"_links":{"self":[{"href":"https:\/\/paulaupegui.com\/pt\/wp-json\/wp\/v2\/pages\/401"}],"collection":[{"href":"https:\/\/paulaupegui.com\/pt\/wp-json\/wp\/v2\/pages"}],"about":[{"href":"https:\/\/paulaupegui.com\/pt\/wp-json\/wp\/v2\/types\/page"}],"author":[{"embeddable":true,"href":"https:\/\/paulaupegui.com\/pt\/wp-json\/wp\/v2\/users\/1"}],"replies":[{"embeddable":true,"href":"https:\/\/paulaupegui.com\/pt\/wp-json\/wp\/v2\/comments?post=401"}],"version-history":[{"count":3,"href":"https:\/\/paulaupegui.com\/pt\/wp-json\/wp\/v2\/pages\/401\/revisions"}],"predecessor-version":[{"id":423,"href":"https:\/\/paulaupegui.com\/pt\/wp-json\/wp\/v2\/pages\/401\/revisions\/423"}],"wp:attachment":[{"href":"https:\/\/paulaupegui.com\/pt\/wp-json\/wp\/v2\/media?parent=401"}],"curies":[{"name":"wp","href":"https:\/\/api.w.org\/{rel}","templated":true}]}}