{"id":44,"date":"2020-10-30T20:30:08","date_gmt":"2020-10-30T20:30:08","guid":{"rendered":"http:\/\/paulaupegui.com\/?page_id=44"},"modified":"2020-11-07T22:37:17","modified_gmt":"2020-11-07T22:37:17","slug":"sobre-mi","status":"publish","type":"page","link":"https:\/\/paulaupegui.com\/pt\/sobre-mi\/","title":{"rendered":"Sobre Mim"},"content":{"rendered":"<div class=\"wp-block-media-text alignwide is-stacked-on-mobile\"><figure class=\"wp-block-media-text__media\"><img loading=\"lazy\" width=\"2406\" height=\"2560\" src=\"http:\/\/paulaupegui.com\/wp-content\/uploads\/2020\/11\/IMG_20200912_125417878_HDR-1_2-scaled.jpg\" alt=\"\" class=\"wp-image-194\" srcset=\"https:\/\/paulaupegui.com\/wp-content\/uploads\/2020\/11\/IMG_20200912_125417878_HDR-1_2-scaled.jpg 2406w, https:\/\/paulaupegui.com\/wp-content\/uploads\/2020\/11\/IMG_20200912_125417878_HDR-1_2-282x300.jpg 282w\" sizes=\"(max-width: 2406px) 100vw, 2406px\" \/><\/figure><div class=\"wp-block-media-text__content\">\n<p class=\"has-custom-lineheight has-custom-letterspacing\" style=\"line-height:1.13;letter-spacing:0.4px;font-size:16px\">Me reconheci amante... amada... amor.<\/p>\n\n\n\n<p style=\"font-size:16px\">Me reconheci... completa.<\/p>\n\n\n\n<p style=\"font-size:16px\">Me reconheci filha... m\u00e3e...&nbsp;<\/p>\n\n\n\n<p style=\"font-size:16px\">Me reconheci mulher.<\/p>\n\n\n\n<p style=\"font-size:16px\">Me reconheci Ser.<\/p>\n\n\n\n<p style=\"font-size:16px\">Me reconheci caminho... caminhante... aprendiz.<\/p>\n\n\n\n<p style=\"font-size:16px\">Me reconheci for\u00e7a... coragem... sensatez<\/p>\n\n\n\n<p style=\"font-size:16px\">Me reconheci... fogo... ar...<\/p>\n\n\n\n<p style=\"font-size:16px\">Me reconheci... natureza.<\/p>\n\n\n\n<p style=\"font-size:16px\">Me reconheci viva...<\/p>\n\n\n\n<p style=\"font-size:16px\">Me reconheci... vida.<\/p>\n<\/div><\/div>\n\n\n\n<hr class=\"wp-block-separator\"\/>\n\n\n\n<h2 class=\"has-text-align-center\">Ol\u00e1! Meu nome \u00e9 Paula Upegui. <\/h2>\n\n\n\n<p class=\"has-text-align-center\" style=\"font-size:16px\">Vou te contar um pouco da minha hist\u00f3ria.<\/p>\n\n\n\n<p class=\"has-text-align-center\" style=\"font-size:16px\">Sou colombiana, formada em psicologia, m\u00e3e de duas mulheres que admiro muito, minhas companheiras nesta jornada que se chama vida. Wendy, Camila e eu moramos no Brasil desde 2012 e foi justamente essa experi\u00eancia que me colocou diante dos meus grandes mestres: Medos, inseguran\u00e7as, d\u00favidas e uma rela\u00e7\u00e3o turbulenta. Transcend\u00ea-los me permite unir minha experi\u00eancia profissional e pessoal para entender o que voc\u00ea est\u00e1 passando, e me oferece a possibilidade de acompanh\u00e1-lo em seu processo de crescimento interior com amor, consci\u00eancia e liberdade. <\/p>\n\n\n\n<p class=\"has-text-align-center\" style=\"font-size:16px\">Acredito que o caminho do crescimento interior pode ser uma aventura leve, profunda, criativa e positiva de conex\u00e3o com a sabedoria interior, com a realidade profunda que habita cada ser. Meu prop\u00f3sito \u00e9 motivar as pessoas para que possam fazer de suas vidas sua maior fonte de inspira\u00e7\u00e3o. <\/p>\n\n\n\n<p class=\"has-text-align-center\" style=\"font-size:16px\">Sou idealizadora do \"El Centro del Ser\", uma iniciativa que proporciona recursos para o autoconhecimento, o desenvolvimento do amor pr\u00f3prio, o bem-estar emocional e o crescimento pessoal, promovendo o crescimento interior e a melhora constante. <\/p>\n\n\n\n<p class=\"has-text-align-center translation-block\" style=\"font-size:16px\">Atualmente atuo como terapeuta, palestrante e professora. Tamb\u00e9m sou autora de tr\u00eas livros digitais que voc\u00ea pode encontrar na se\u00e7\u00e3o <a href=\"http:\/\/paulaupegui.com\/pt\/ebooks\/\" target=\"_self\">E-books<\/a>.<\/p>","protected":false},"excerpt":{"rendered":"<p>Me reconoc\u00ed&nbsp; amante&#8230; amada&#8230; amor. Me reconoc\u00ed&#8230; completa. Me reconoc\u00ed hija&#8230; madre&#8230;&nbsp; Me reconoc\u00ed mujer. Me reconoc\u00ed Ser. Me reconoc\u00ed&nbsp; camino&#8230; caminante&#8230; aprendiz. Me reconoc\u00ed fuerza&#8230; valent\u00eda&#8230; sensatez. Me reconoc\u00ed fuego&#8230; aire&#8230; Me reconoc\u00ed&#8230; naturaleza. Me reconoc\u00ed viva&#8230; Me reconoc\u00ed&#8230; vida. \u00a1Hola! Mi nombre es Paula Upegui. Te contar\u00e9 un poco de mi historia. Soy&#8230;<\/p>\n<p class=\"more-link\"><a href=\"https:\/\/paulaupegui.com\/pt\/sobre-mi\/\"><span>Read More<\/span><i>&#43;<\/i><\/a><\/p>","protected":false},"author":1,"featured_media":0,"parent":0,"menu_order":0,"comment_status":"closed","ping_status":"closed","template":"","meta":{"_coblocks_attr":"","_coblocks_dimensions":"","_coblocks_responsive_height":"","_coblocks_accordion_ie_support":""},"_links":{"self":[{"href":"https:\/\/paulaupegui.com\/pt\/wp-json\/wp\/v2\/pages\/44"}],"collection":[{"href":"https:\/\/paulaupegui.com\/pt\/wp-json\/wp\/v2\/pages"}],"about":[{"href":"https:\/\/paulaupegui.com\/pt\/wp-json\/wp\/v2\/types\/page"}],"author":[{"embeddable":true,"href":"https:\/\/paulaupegui.com\/pt\/wp-json\/wp\/v2\/users\/1"}],"replies":[{"embeddable":true,"href":"https:\/\/paulaupegui.com\/pt\/wp-json\/wp\/v2\/comments?post=44"}],"version-history":[{"count":22,"href":"https:\/\/paulaupegui.com\/pt\/wp-json\/wp\/v2\/pages\/44\/revisions"}],"predecessor-version":[{"id":424,"href":"https:\/\/paulaupegui.com\/pt\/wp-json\/wp\/v2\/pages\/44\/revisions\/424"}],"wp:attachment":[{"href":"https:\/\/paulaupegui.com\/pt\/wp-json\/wp\/v2\/media?parent=44"}],"curies":[{"name":"wp","href":"https:\/\/api.w.org\/{rel}","templated":true}]}}