{"id":49,"date":"2020-10-30T20:33:01","date_gmt":"2020-10-30T20:33:01","guid":{"rendered":"http:\/\/paulaupegui.com\/?page_id=49"},"modified":"2020-11-08T00:37:46","modified_gmt":"2020-11-08T00:37:46","slug":"ebooks","status":"publish","type":"page","link":"https:\/\/paulaupegui.com\/pt\/ebooks\/","title":{"rendered":"E-books"},"content":{"rendered":"<p class=\"has-text-align-center\" style=\"font-size:16px\">Cada um dos meus livros digitais foi cuidadosamente criado para ajud\u00e1-lo em seu processo de crescimento interior. <\/p>\n\n\n\n<h2 class=\"has-text-align-center\">Conhe\u00e7a um pouco mais!<\/h2>\n\n\n\n<div class=\"wp-block-group\"><div class=\"wp-block-group__inner-container\">\n<div class=\"wp-block-columns\">\n<div class=\"wp-block-column\">\n<figure class=\"wp-block-image size-large\"><a href=\"https:\/\/paulaupegui.com\/pt\/toda-relacion-es-un-arte-e-book-terapeutico-version-en-espanol\/\"><img loading=\"lazy\" width=\"800\" height=\"600\" src=\"http:\/\/paulaupegui.com\/wp-content\/uploads\/2020\/10\/20201031_121237_0000.png\" alt=\"\" class=\"wp-image-97\" srcset=\"https:\/\/paulaupegui.com\/wp-content\/uploads\/2020\/10\/20201031_121237_0000.png 800w, https:\/\/paulaupegui.com\/wp-content\/uploads\/2020\/10\/20201031_121237_0000-300x225.png 300w, https:\/\/paulaupegui.com\/wp-content\/uploads\/2020\/10\/20201031_121237_0000-150x113.png 150w, https:\/\/paulaupegui.com\/wp-content\/uploads\/2020\/10\/20201031_121237_0000-768x576.png 768w\" sizes=\"(max-width: 800px) 100vw, 800px\" \/><\/a><\/figure>\n\n\n\n<p class=\"has-text-align-center\">Toda rela\u00e7\u00e3o \u00e9 uma arte,\u00a0E-book Terap\u00eautico em sua vers\u00e3o em espanhol.<\/p>\n\n\n\n<div class=\"wp-block-buttons aligncenter\">\n<div class=\"wp-block-button is-style-shadow has-custom-font has-custom-weight has-custom-lineheight has-custom-letterspacing\" style=\"font-family:Helvetica;line-height:1.64;letter-spacing:0.3px;font-weight:normal;font-size:12px\"><a class=\"wp-block-button__link\" href=\"https:\/\/paulaupegui.com\/pt\/toda-relacion-es-un-arte-e-book-terapeutico-version-en-espanol\/\">Saiba mais<\/a><\/div>\n<\/div>\n<\/div>\n\n\n\n<div class=\"wp-block-column is-vertically-aligned-top\">\n<figure class=\"wp-block-image size-large\"><a href=\"https:\/\/paulaupegui.com\/pt\/toda-relacao-e-uma-arte\/\"><img loading=\"lazy\" width=\"800\" height=\"600\" src=\"http:\/\/paulaupegui.com\/wp-content\/uploads\/2020\/10\/20201031_175932_0000.png\" alt=\"\" class=\"wp-image-116\" srcset=\"https:\/\/paulaupegui.com\/wp-content\/uploads\/2020\/10\/20201031_175932_0000.png 800w, https:\/\/paulaupegui.com\/wp-content\/uploads\/2020\/10\/20201031_175932_0000-300x225.png 300w, https:\/\/paulaupegui.com\/wp-content\/uploads\/2020\/10\/20201031_175932_0000-150x113.png 150w, https:\/\/paulaupegui.com\/wp-content\/uploads\/2020\/10\/20201031_175932_0000-768x576.png 768w\" sizes=\"(max-width: 800px) 100vw, 800px\" \/><\/a><\/figure>\n\n\n\n<p class=\"has-text-align-center\">Toda rela\u00e7\u00e3o \u00e9 uma arte,&nbsp;E-book Terap\u00eautico em sua vers\u00e3o em Portugu\u00eas.<\/p>\n\n\n\n<div class=\"wp-block-buttons aligncenter\">\n<div class=\"wp-block-button is-style-shadow has-custom-font\" style=\"font-family:Helvetica;font-size:12px\"><a class=\"wp-block-button__link\" href=\"https:\/\/paulaupegui.com\/pt\/toda-relacao-e-uma-arte\/\">Saiba mais<\/a><\/div>\n<\/div>\n<\/div>\n\n\n\n<div class=\"wp-block-column\">\n<figure class=\"wp-block-image size-large\"><a href=\"https:\/\/paulaupegui.com\/pt\/estou-em-um-relacionamento-toxico\/\"><img loading=\"lazy\" width=\"800\" height=\"600\" src=\"http:\/\/paulaupegui.com\/wp-content\/uploads\/2020\/10\/20201031_182431_0000.png\" alt=\"\" class=\"wp-image-127\" srcset=\"https:\/\/paulaupegui.com\/wp-content\/uploads\/2020\/10\/20201031_182431_0000.png 800w, https:\/\/paulaupegui.com\/wp-content\/uploads\/2020\/10\/20201031_182431_0000-300x225.png 300w, https:\/\/paulaupegui.com\/wp-content\/uploads\/2020\/10\/20201031_182431_0000-150x113.png 150w, https:\/\/paulaupegui.com\/wp-content\/uploads\/2020\/10\/20201031_182431_0000-768x576.png 768w\" sizes=\"(max-width: 800px) 100vw, 800px\" \/><\/a><\/figure>\n\n\n\n<p class=\"has-text-align-center\">Estou em um relacionamento t\u00f3xico? E-book gratuito dispon\u00edvel somente en portugu\u00eas.<\/p>\n\n\n\n<div class=\"wp-block-buttons aligncenter\">\n<div class=\"wp-block-button is-style-shadow has-custom-font\" style=\"font-family:Helvetica\"><a class=\"wp-block-button__link\" href=\"https:\/\/paulaupegui.com\/pt\/estou-em-um-relacionamento-toxico\/\">Saiba mais<\/a><\/div>\n<\/div>\n<\/div>\n<\/div>\n<\/div><\/div>","protected":false},"excerpt":{"rendered":"<p>Cada uno de mis libros digitales fue creado cuidadosamente para ayudarte en tu proceso de crecimiento interior. \u00a1Conoce un poco m\u00e1s!<\/p>","protected":false},"author":1,"featured_media":0,"parent":0,"menu_order":0,"comment_status":"closed","ping_status":"closed","template":"","meta":{"_coblocks_attr":"Helvetica,Arial,Helvetica","_coblocks_dimensions":"","_coblocks_responsive_height":"","_coblocks_accordion_ie_support":""},"_links":{"self":[{"href":"https:\/\/paulaupegui.com\/pt\/wp-json\/wp\/v2\/pages\/49"}],"collection":[{"href":"https:\/\/paulaupegui.com\/pt\/wp-json\/wp\/v2\/pages"}],"about":[{"href":"https:\/\/paulaupegui.com\/pt\/wp-json\/wp\/v2\/types\/page"}],"author":[{"embeddable":true,"href":"https:\/\/paulaupegui.com\/pt\/wp-json\/wp\/v2\/users\/1"}],"replies":[{"embeddable":true,"href":"https:\/\/paulaupegui.com\/pt\/wp-json\/wp\/v2\/comments?post=49"}],"version-history":[{"count":51,"href":"https:\/\/paulaupegui.com\/pt\/wp-json\/wp\/v2\/pages\/49\/revisions"}],"predecessor-version":[{"id":437,"href":"https:\/\/paulaupegui.com\/pt\/wp-json\/wp\/v2\/pages\/49\/revisions\/437"}],"wp:attachment":[{"href":"https:\/\/paulaupegui.com\/pt\/wp-json\/wp\/v2\/media?parent=49"}],"curies":[{"name":"wp","href":"https:\/\/api.w.org\/{rel}","templated":true}]}}