{"id":51,"date":"2020-10-30T20:33:34","date_gmt":"2020-10-30T20:33:34","guid":{"rendered":"http:\/\/paulaupegui.com\/?page_id=51"},"modified":"2020-11-10T11:53:01","modified_gmt":"2020-11-10T11:53:01","slug":"consultas","status":"publish","type":"page","link":"https:\/\/paulaupegui.com\/pt\/consultas\/","title":{"rendered":"Consultas"},"content":{"rendered":"<div data-elementor-type=\"wp-page\" data-elementor-id=\"51\" class=\"elementor elementor-51\" data-elementor-settings=\"[]\">\n\t\t\t\t\t\t<div class=\"elementor-inner\">\n\t\t\t\t\t\t\t<div class=\"elementor-section-wrap\">\n\t\t\t\t\t\t\t<section class=\"elementor-section elementor-top-section elementor-element elementor-element-544d9ce5 elementor-section-boxed elementor-section-height-default elementor-section-height-default\" data-id=\"544d9ce5\" data-element_type=\"section\">\n\t\t\t\t\t\t<div class=\"elementor-container elementor-column-gap-default\">\n\t\t\t\t\t\t\t<div class=\"elementor-row\">\n\t\t\t\t\t<div class=\"elementor-column elementor-col-100 elementor-top-column elementor-element elementor-element-1f7f0211\" data-id=\"1f7f0211\" data-element_type=\"column\">\n\t\t\t<div class=\"elementor-column-wrap elementor-element-populated\">\n\t\t\t\t\t\t\t<div class=\"elementor-widget-wrap\">\n\t\t\t\t\t\t<div class=\"elementor-element elementor-element-2f9e549e elementor-widget elementor-widget-text-editor\" data-id=\"2f9e549e\" data-element_type=\"widget\" data-widget_type=\"text-editor.default\">\n\t\t\t\t<div class=\"elementor-widget-container\">\n\t\t\t\t\t<div class=\"elementor-text-editor elementor-clearfix\"><p><!-- wp:image {\"align\":\"center\",\"id\":256,\"width\":526,\"height\":395,\"sizeSlug\":\"large\",\"className\":\"is-style-top-wave\"} --><\/p>\n<div class=\"wp-block-image is-style-top-wave\">\n<figure class=\"aligncenter size-large is-resized\"><img loading=\"lazy\" class=\"wp-image-256 aligncenter\" src=\"http:\/\/paulaupegui.com\/wp-content\/uploads\/2020\/11\/IMG_20201102_094437845_HDR-2-scaled.jpg\" alt=\"\" width=\"526\" height=\"395\"><\/figure>\n<\/div>\n<p><!-- \/wp:image --><!-- wp:buttons --><\/p>\n<p><!-- \/wp:buttons --><!-- wp:paragraph {\"align\":\"center\",\"customFontSize\":16} --><\/p>\n<p class=\"has-text-align-center\" style=\"font-size: 16px;\">Ol\u00e1! Ser\u00e1 um prazer acompanh\u00e1-lo em seu processo de crescimento interior.<\/p>\n<p><!-- \/wp:paragraph --><!-- wp:paragraph {\"align\":\"center\",\"customFontSize\":16} --><\/p>\n<p class=\"has-text-align-center\" style=\"font-size: 16px;\">Todos os meus estudos, aprendizado e experi\u00eancia pessoal fornecem a base para meu trabalho, um modelo psicoterap\u00eautico integrativo e hol\u00edstico focado na cura emocional, integrando aspectos espirituais e transcendentes da experi\u00eancia humana. A abordagem transpessoal prop\u00f5e o desenvolvimento integral do ser humano em suas dimens\u00f5es bio-psico-s\u00f3cio-espiritual.<\/p>\n<p><!-- \/wp:paragraph --><!-- wp:paragraph {\"align\":\"center\",\"customFontSize\":16} --><\/p>\n<p class=\"has-text-align-center\" style=\"font-size: 16px;\">Da mesma forma, complemento minha abordagem com ArteTerapia, voltada para a express\u00e3o emocional por meio da escrita terap\u00eautica, pintura ou desenho.<\/p>\n<p><!-- \/wp:paragraph --><!-- wp:paragraph {\"align\":\"center\",\"customFontSize\":16} --><\/p>\n<p class=\"has-text-align-center\" style=\"font-size: 16px;\">As sess\u00f5es t\u00eam a dura\u00e7\u00e3o de 60 minutos e s\u00e3o realizadas por videoconfer\u00eancia atrav\u00e9s de plataformas como Skype ou Zoom, tamb\u00e9m podem ser realizadas por videochamada de Instagram, sendo as minhas consultas acompanhadas via e-mail se necess\u00e1rio.<\/p>\n<p><!-- \/wp:paragraph --><!-- wp:separator --><\/p>\n<hr class=\"wp-block-separator\">\n<p><!-- \/wp:separator --><!-- wp:buttons --><\/p>\n<div class=\"wp-block-buttons\">\n<p><!-- wp:button --><\/p>\n<div class=\"wp-block-button\" style=\"text-align: center;\"><a class=\"wp-block-button__link\" href=\"https:\/\/paulaupegui.com\/pt\/agendar-consulta\/\">Agendar Consulta<\/a><\/div>\n<p><!-- \/wp:button --><\/p>\n<\/div>\n<p><!-- \/wp:buttons --><!-- wp:heading {\"align\":\"left\",\"level\":3} --><\/p>\n<h3 class=\"has-text-align-left\"><strong><em>&nbsp;<\/em><\/strong><\/h3>\n<h3 class=\"has-text-align-left\" style=\"text-align: left;\"><strong><em>Benef\u00edcios da terapia online<\/em><\/strong><\/h3>\n<p style=\"text-align: left;\"><!-- \/wp:heading --><!-- wp:heading {\"level\":4} --><\/p>\n<h4 style=\"text-align: left;\"><strong>Acess\u00edvel<\/strong><\/h4>\n<p style=\"text-align: left;\"><!-- \/wp:heading --><!-- wp:paragraph {\"customFontSize\":16} --><\/p>\n<p style=\"font-size: 16px; text-align: left;\">Voc\u00ea s\u00f3 precisa estar em um local tranquilo onde se sinta confort\u00e1vel e com uma boa conex\u00e3o \u00e0 internet.<\/p>\n<p style=\"text-align: left;\"><!-- \/wp:paragraph --><!-- wp:heading {\"level\":4} --><\/p>\n<h4 style=\"text-align: left;\"><strong>Com seguran\u00e7a<\/strong><\/h4>\n<p style=\"text-align: left;\"><!-- \/wp:heading --><!-- wp:paragraph {\"customFontSize\":16} --><\/p>\n<p style=\"font-size: 16px; text-align: left;\">Com um alto n\u00edvel de confidencialidade protegendo suas informa\u00e7\u00f5es.<\/p>\n<p style=\"text-align: left;\"><!-- \/wp:paragraph --><!-- wp:heading {\"level\":4} --><\/p>\n<h4 style=\"text-align: left;\"><strong>Flex\u00edvel<\/strong><\/h4>\n<p style=\"text-align: left;\"><!-- \/wp:heading --><!-- wp:paragraph {\"customFontSize\":16} --><\/p>\n<p style=\"font-size: 16px; text-align: left;\">Adapta-se aos seus dias e hor\u00e1rios dispon\u00edveis.<\/p>\n<p style=\"text-align: left;\"><!-- \/wp:paragraph --><!-- wp:heading {\"level\":4} --><\/p>\n<h4 style=\"text-align: left;\"><strong>Cont\u00ednua<\/strong><\/h4>\n<p style=\"text-align: left;\"><!-- \/wp:heading --><!-- wp:paragraph {\"customFontSize\":16} --><\/p>\n<p style=\"font-size: 16px; text-align: left;\">Mesmo se voc\u00ea viaje ou se mude, pode ter um acompanhamento cont\u00ednuo em sua terapia.<\/p>\n<p style=\"text-align: left;\"><!-- \/wp:paragraph --><!-- wp:heading {\"align\":\"left\",\"level\":3} --><\/p>\n<h3 class=\"has-text-align-left\" style=\"text-align: left;\"><strong><em>\u00bf<\/em>Quando buscar acompanhamento terap\u00eautico?<em>?<\/em><\/strong><\/h3>\n<p style=\"text-align: left;\"><!-- \/wp:heading --><!-- wp:list {\"className\":\"is-style-checkbox\",\"customFontSize\":16} --><\/p>\n<ul class=\"is-style-checkbox\" style=\"font-size: 16px;\">\n<li style=\"text-align: left;\">Quando as circunst\u00e2ncias excedem seus recursos pessoais, para lidar com elas.<\/li>\n<li style=\"text-align: left;\">Quando o desconforto emocional afete seu desempenho nas atividades da vida di\u00e1ria.<\/li>\n<li style=\"text-align: left;\">Quando voc\u00ea precise de um espa\u00e7o para ser escutado e compreendido.<\/li>\n<li style=\"text-align: left;\">Quando voc\u00ea precise de orienta\u00e7\u00e3o ou guia para uma situa\u00e7\u00e3o particular.<\/li>\n<li style=\"text-align: left;\">Quando voc\u00ea deseje melhorar uma \u00e1rea espec\u00edfica de sua vida. Lembre-se: todo desconforto emocional \u00e9 importante!<\/li>\n<\/ul>\n<p><!-- \/wp:list --><\/p><\/div>\n\t\t\t\t<\/div>\n\t\t\t\t<\/div>\n\t\t\t\t\t\t<\/div>\n\t\t\t\t\t<\/div>\n\t\t<\/div>\n\t\t\t\t\t\t\t\t<\/div>\n\t\t\t\t\t<\/div>\n\t\t<\/section>\n\t\t\t\t\t\t<\/div>\n\t\t\t\t\t\t<\/div>\n\t\t\t\t\t<\/div>","protected":false},"excerpt":{"rendered":"<p>\u00a1Hola! Me encantar\u00eda acompa\u00f1arte en tu proceso de crecimiento interior. Todos mis estudios, aprendizaje y experiencia personal dan base a mi trabajo, un modelo psicoterap\u00e9utico integrador y hol\u00edstico centrado en la sanaci\u00f3n emocional, integrando aspectos espirituales y trascendentes de la experiencia humana. El enfoque transpersonal propone el desarrollo integral del ser humano en sus dimensiones&#8230;<\/p>\n<p class=\"more-link\"><a href=\"https:\/\/paulaupegui.com\/pt\/consultas\/\"><span>Read More<\/span><i>&#43;<\/i><\/a><\/p>","protected":false},"author":1,"featured_media":0,"parent":0,"menu_order":0,"comment_status":"closed","ping_status":"closed","template":"","meta":{"_coblocks_attr":"","_coblocks_dimensions":"","_coblocks_responsive_height":"","_coblocks_accordion_ie_support":""},"_links":{"self":[{"href":"https:\/\/paulaupegui.com\/pt\/wp-json\/wp\/v2\/pages\/51"}],"collection":[{"href":"https:\/\/paulaupegui.com\/pt\/wp-json\/wp\/v2\/pages"}],"about":[{"href":"https:\/\/paulaupegui.com\/pt\/wp-json\/wp\/v2\/types\/page"}],"author":[{"embeddable":true,"href":"https:\/\/paulaupegui.com\/pt\/wp-json\/wp\/v2\/users\/1"}],"replies":[{"embeddable":true,"href":"https:\/\/paulaupegui.com\/pt\/wp-json\/wp\/v2\/comments?post=51"}],"version-history":[{"count":59,"href":"https:\/\/paulaupegui.com\/pt\/wp-json\/wp\/v2\/pages\/51\/revisions"}],"predecessor-version":[{"id":442,"href":"https:\/\/paulaupegui.com\/pt\/wp-json\/wp\/v2\/pages\/51\/revisions\/442"}],"wp:attachment":[{"href":"https:\/\/paulaupegui.com\/pt\/wp-json\/wp\/v2\/media?parent=51"}],"curies":[{"name":"wp","href":"https:\/\/api.w.org\/{rel}","templated":true}]}}