{"id":55,"date":"2020-10-30T20:36:06","date_gmt":"2020-10-30T20:36:06","guid":{"rendered":"http:\/\/paulaupegui.com\/?page_id=55"},"modified":"2020-11-06T22:51:15","modified_gmt":"2020-11-06T22:51:15","slug":"contactenos","status":"publish","type":"page","link":"https:\/\/paulaupegui.com\/pt\/contactenos\/","title":{"rendered":"Contato"},"content":{"rendered":"<div class=\"wp-block-group\"><div class=\"wp-block-group__inner-container\">\n<div class=\"wp-block-image is-style-rounded\"><figure class=\"aligncenter size-large is-resized\"><img loading=\"lazy\" src=\"http:\/\/paulaupegui.com\/wp-content\/uploads\/2020\/11\/IMG_20200716_205841_625-1024x1024.jpg\" alt=\"\" class=\"wp-image-218\" width=\"417\" height=\"417\" srcset=\"https:\/\/paulaupegui.com\/wp-content\/uploads\/2020\/11\/IMG_20200716_205841_625-1024x1024.jpg 1024w, https:\/\/paulaupegui.com\/wp-content\/uploads\/2020\/11\/IMG_20200716_205841_625-300x300.jpg 300w, https:\/\/paulaupegui.com\/wp-content\/uploads\/2020\/11\/IMG_20200716_205841_625-150x150.jpg 150w, https:\/\/paulaupegui.com\/wp-content\/uploads\/2020\/11\/IMG_20200716_205841_625-768x768.jpg 768w, https:\/\/paulaupegui.com\/wp-content\/uploads\/2020\/11\/IMG_20200716_205841_625-1536x1536.jpg 1536w, https:\/\/paulaupegui.com\/wp-content\/uploads\/2020\/11\/IMG_20200716_205841_625.jpg 1776w\" sizes=\"(max-width: 417px) 100vw, 417px\" \/><\/figure><\/div>\n\n\n\n<blockquote class=\"wp-block-quote has-text-align-center is-style-large\"><p>Terei o maior prazer em auxili\u00e1-lo sobre meus produtos ou servi\u00e7os, agendar suas consultas ou orient\u00e1-lo nas etapas de futuros eventos presenciais e \/ ou online.<\/p><cite>Paula Upegui<\/cite><\/blockquote>\n\n\n\n<hr class=\"wp-block-separator is-style-dots\"\/>\n<\/div><\/div>\n\n\n<div class=\"wpforms-container wpforms-container-full\" id=\"wpforms-297\"><form id=\"wpforms-form-297\" class=\"wpforms-validate wpforms-form\" data-formid=\"297\" method=\"post\" enctype=\"multipart\/form-data\" action=\"\/pt\/wp-json\/wp\/v2\/pages\/55\" data-token=\"e52ac3ac813b6e9ed1acf3112978cf8a\" data-trp-original-action=\"\/pt\/wp-json\/wp\/v2\/pages\/55\"><noscript class=\"wpforms-error-noscript\">Ative o JavaScript no seu navegador para preencher este formul\u00e1rio.<\/noscript><div class=\"wpforms-field-container\"><div id=\"wpforms-297-field_0-container\" class=\"wpforms-field wpforms-field-name\" data-field-id=\"0\"><label class=\"wpforms-field-label\" for=\"wpforms-297-field_0\">DADOS PESSOAIS <span class=\"wpforms-required-label\">*<\/span><\/label><input type=\"text\" id=\"wpforms-297-field_0\" class=\"wpforms-field-medium wpforms-field-required\" name=\"wpforms[fields][0]\" placeholder=\"Nome e Sobrenome\" required><\/div><div id=\"wpforms-297-field_1-container\" class=\"wpforms-field wpforms-field-email\" data-field-id=\"1\"><label class=\"wpforms-field-label\" for=\"wpforms-297-field_1\">E-MAIL <span class=\"wpforms-required-label\">*<\/span><\/label><input type=\"email\" id=\"wpforms-297-field_1\" class=\"wpforms-field-medium wpforms-field-required\" name=\"wpforms[fields][1]\" placeholder=\"Endere\u00e7o de e-mail\" required><\/div><div id=\"wpforms-297-field_4-container\" class=\"wpforms-field wpforms-field-number\" data-field-id=\"4\"><label class=\"wpforms-field-label\" for=\"wpforms-297-field_4\">TELEFONE<\/label><input type=\"number\" pattern=\"\\d*\" id=\"wpforms-297-field_4\" class=\"wpforms-field-medium\" name=\"wpforms[fields][4]\" ><\/div><div id=\"wpforms-297-field_3-container\" class=\"wpforms-field wpforms-field-radio\" data-field-id=\"3\"><label class=\"wpforms-field-label\" for=\"wpforms-297-field_3\">IDIOMA<\/label><ul id=\"wpforms-297-field_3\"><li class=\"choice-1 depth-1\"><input type=\"radio\" id=\"wpforms-297-field_3_1\" name=\"wpforms[fields][3]\" value=\"Portugu\u00e9s\"  ><label class=\"wpforms-field-label-inline\" for=\"wpforms-297-field_3_1\">Portugu\u00eas<\/label><\/li><li class=\"choice-2 depth-1\"><input type=\"radio\" id=\"wpforms-297-field_3_2\" name=\"wpforms[fields][3]\" value=\"Espa\u00f1ol\"  ><label class=\"wpforms-field-label-inline\" for=\"wpforms-297-field_3_2\">Espanhol<\/label><\/li><\/ul><\/div><div id=\"wpforms-297-field_2-container\" class=\"wpforms-field wpforms-field-textarea\" data-field-id=\"2\"><label class=\"wpforms-field-label\" for=\"wpforms-297-field_2\">MENSAGEM <span class=\"wpforms-required-label\">*<\/span><\/label><textarea id=\"wpforms-297-field_2\" class=\"wpforms-field-medium wpforms-field-required\" name=\"wpforms[fields][2]\" placeholder=\"Conte-me qual informa\u00e7\u00e3o gostaria de receber sobre meus produtos ou servi\u00e7os.\" required><\/textarea><\/div><div id=\"wpforms-297-field_6-container\" class=\"wpforms-field wpforms-field-checkbox\" data-field-id=\"6\"><label class=\"wpforms-field-label wpforms-label-hide\" for=\"wpforms-297-field_6\">Acepto pol\u00edticas  <span class=\"wpforms-required-label\">*<\/span><\/label><ul id=\"wpforms-297-field_6\" class=\"wpforms-field-required\"><li class=\"choice-1 depth-1\"><input type=\"checkbox\" id=\"wpforms-297-field_6_1\" name=\"wpforms[fields][6][]\" value=\"Acepto pol\u00edticas de manejo de informaci\u00f3n y uso del servicio\" required><label class=\"wpforms-field-label-inline\" for=\"wpforms-297-field_6_1\">Aceito as pol\u00edticas de privacidade e uso do servi\u00e7o<\/label><\/li><\/ul><\/div><\/div><div class=\"wpforms-submit-container\" ><input type=\"hidden\" name=\"wpforms[id]\" value=\"297\"><input type=\"hidden\" name=\"wpforms[author]\" value=\"1\"><button type=\"submit\" name=\"wpforms[submit]\" class=\"wpforms-submit\" id=\"wpforms-submit-297\" value=\"wpforms-submit\" aria-live=\"assertive\" data-alt-text=\"Enviando...\" data-submit-text=\"ENVIAR\">ENVIAR<\/button><\/div><input type=\"hidden\" name=\"trp-form-language\" value=\"pt\"\/><\/form><\/div>  <!-- .wpforms-container -->","protected":false},"excerpt":{"rendered":"","protected":false},"author":1,"featured_media":0,"parent":0,"menu_order":0,"comment_status":"closed","ping_status":"closed","template":"","meta":{"_coblocks_attr":"","_coblocks_dimensions":"","_coblocks_responsive_height":"","_coblocks_accordion_ie_support":""},"_links":{"self":[{"href":"https:\/\/paulaupegui.com\/pt\/wp-json\/wp\/v2\/pages\/55"}],"collection":[{"href":"https:\/\/paulaupegui.com\/pt\/wp-json\/wp\/v2\/pages"}],"about":[{"href":"https:\/\/paulaupegui.com\/pt\/wp-json\/wp\/v2\/types\/page"}],"author":[{"embeddable":true,"href":"https:\/\/paulaupegui.com\/pt\/wp-json\/wp\/v2\/users\/1"}],"replies":[{"embeddable":true,"href":"https:\/\/paulaupegui.com\/pt\/wp-json\/wp\/v2\/comments?post=55"}],"version-history":[{"count":15,"href":"https:\/\/paulaupegui.com\/pt\/wp-json\/wp\/v2\/pages\/55\/revisions"}],"predecessor-version":[{"id":324,"href":"https:\/\/paulaupegui.com\/pt\/wp-json\/wp\/v2\/pages\/55\/revisions\/324"}],"wp:attachment":[{"href":"https:\/\/paulaupegui.com\/pt\/wp-json\/wp\/v2\/media?parent=55"}],"curies":[{"name":"wp","href":"https:\/\/api.w.org\/{rel}","templated":true}]}}